{"id":801,"date":"2020-10-10T14:31:46","date_gmt":"2020-10-10T12:31:46","guid":{"rendered":"http:\/\/s522896619.online.de\/?post_type=product&#038;p=801"},"modified":"2021-01-26T10:51:48","modified_gmt":"2021-01-26T09:51:48","slug":"joka-kerneiche-silber","status":"publish","type":"product","link":"https:\/\/hanbod.de\/?product=joka-kerneiche-silber","title":{"rendered":"Joka Kerneiche Silber"},"content":{"rendered":"","protected":false},"excerpt":{"rendered":"<div class=\"short-description\">\n<div class=\"std\">\n<ul>\n<li>Strapazierf\u00e4higes Laminat f\u00fcr Wohn- und Objektr\u00e4ume (NK 32)<\/li>\n<li>Authentische Optik und Haptik<\/li>\n<li>Geeignet f\u00fcr Fu\u00dfbodenheizungen (Warmwasser)<\/li>\n<li>Langlebig und pflegeleicht<\/li>\n<\/ul>\n<\/div>\n<\/div>\n<div class=\"row \">\n<div class=\"col-xs-12 price-container row-1-section price last special-price-box \"><\/div>\n<\/div>\n","protected":false},"featured_media":802,"comment_status":"open","ping_status":"closed","template":"","meta":[],"_links":{"self":[{"href":"https:\/\/hanbod.de\/index.php?rest_route=\/wp\/v2\/product\/801"}],"collection":[{"href":"https:\/\/hanbod.de\/index.php?rest_route=\/wp\/v2\/product"}],"about":[{"href":"https:\/\/hanbod.de\/index.php?rest_route=\/wp\/v2\/types\/product"}],"replies":[{"embeddable":true,"href":"https:\/\/hanbod.de\/index.php?rest_route=%2Fwp%2Fv2%2Fcomments&post=801"}],"wp:featuredmedia":[{"embeddable":true,"href":"https:\/\/hanbod.de\/index.php?rest_route=\/wp\/v2\/media\/802"}],"wp:attachment":[{"href":"https:\/\/hanbod.de\/index.php?rest_route=%2Fwp%2Fv2%2Fmedia&parent=801"}],"curies":[{"name":"wp","href":"https:\/\/api.w.org\/{rel}","templated":true}]}}