{"id":785,"date":"2020-10-10T13:02:00","date_gmt":"2020-10-10T11:02:00","guid":{"rendered":"http:\/\/s522896619.online.de\/?post_type=product&#038;p=785"},"modified":"2021-01-26T10:52:10","modified_gmt":"2021-01-26T09:52:10","slug":"joka-trendeiche-braun","status":"publish","type":"product","link":"https:\/\/hanbod.de\/?product=joka-trendeiche-braun","title":{"rendered":"Joka Trendeiche Braun"},"content":{"rendered":"","protected":false},"excerpt":{"rendered":"<ul>\n<li>Strapazierf\u00e4higes Laminat f\u00fcr Wohn- und Objektr\u00e4ume (NK 32)<\/li>\n<li>Authentische Optik und Haptik<\/li>\n<li>Geeignet f\u00fcr Fu\u00dfbodenheizungen (Warmwasser)<\/li>\n<li>Langlebig und pflegeleicht<\/li>\n<\/ul>\n","protected":false},"featured_media":786,"comment_status":"open","ping_status":"closed","template":"","meta":[],"_links":{"self":[{"href":"https:\/\/hanbod.de\/index.php?rest_route=\/wp\/v2\/product\/785"}],"collection":[{"href":"https:\/\/hanbod.de\/index.php?rest_route=\/wp\/v2\/product"}],"about":[{"href":"https:\/\/hanbod.de\/index.php?rest_route=\/wp\/v2\/types\/product"}],"replies":[{"embeddable":true,"href":"https:\/\/hanbod.de\/index.php?rest_route=%2Fwp%2Fv2%2Fcomments&post=785"}],"wp:featuredmedia":[{"embeddable":true,"href":"https:\/\/hanbod.de\/index.php?rest_route=\/wp\/v2\/media\/786"}],"wp:attachment":[{"href":"https:\/\/hanbod.de\/index.php?rest_route=%2Fwp%2Fv2%2Fmedia&parent=785"}],"curies":[{"name":"wp","href":"https:\/\/api.w.org\/{rel}","templated":true}]}}