{"id":765,"date":"2020-10-10T11:37:51","date_gmt":"2020-10-10T09:37:51","guid":{"rendered":"http:\/\/s522896619.online.de\/?post_type=product&#038;p=765"},"modified":"2021-01-06T13:54:47","modified_gmt":"2021-01-06T12:54:47","slug":"mod-denver-mit-hochhaltefeder","status":"publish","type":"product","link":"https:\/\/hanbod.de\/?product=mod-denver-mit-hochhaltefeder","title":{"rendered":"Mod. Denver mit Hochhaltefeder"},"content":{"rendered":"","protected":false},"excerpt":{"rendered":"<p>Dr\u00fcckerl\u00e4nge: 136 mm<br \/>\nRosetten-\u00d8: 52 mm (St\u00e4rke 11,0)<br \/>\nDr\u00fccker fest drehbar gelagert<br \/>\nBefestigung mittels Durchzugsschrauben und H\u00fclsenmuttern<br \/>\nRosetten mit Metallunterkonstruktion und St\u00fctznocken<br \/>\nmit \u00dcberschraubrosetten<br \/>\nDr\u00fcckerhals, untere Griffst\u00fcckh\u00e4lfte &amp; Innenrosetten Zamak verchromt<br \/>\nobere Griffst\u00fcckh\u00e4lfte &amp; Au\u00dfenrosetten Zamak nickelmatt<\/p>\n","protected":false},"featured_media":766,"comment_status":"open","ping_status":"closed","template":"","meta":[],"_links":{"self":[{"href":"https:\/\/hanbod.de\/index.php?rest_route=\/wp\/v2\/product\/765"}],"collection":[{"href":"https:\/\/hanbod.de\/index.php?rest_route=\/wp\/v2\/product"}],"about":[{"href":"https:\/\/hanbod.de\/index.php?rest_route=\/wp\/v2\/types\/product"}],"replies":[{"embeddable":true,"href":"https:\/\/hanbod.de\/index.php?rest_route=%2Fwp%2Fv2%2Fcomments&post=765"}],"wp:featuredmedia":[{"embeddable":true,"href":"https:\/\/hanbod.de\/index.php?rest_route=\/wp\/v2\/media\/766"}],"wp:attachment":[{"href":"https:\/\/hanbod.de\/index.php?rest_route=%2Fwp%2Fv2%2Fmedia&parent=765"}],"curies":[{"name":"wp","href":"https:\/\/api.w.org\/{rel}","templated":true}]}}