{"id":1130,"date":"2020-12-21T08:04:14","date_gmt":"2020-12-21T07:04:14","guid":{"rendered":"http:\/\/s522896619.online.de\/?post_type=product&#038;p=1130"},"modified":"2020-12-21T08:55:58","modified_gmt":"2020-12-21T07:55:58","slug":"modell-atlas-mit-kernziehschutz","status":"publish","type":"product","link":"https:\/\/hanbod.de\/?product=modell-atlas-mit-kernziehschutz","title":{"rendered":"Modell Atlas mit Kernziehschutz"},"content":{"rendered":"","protected":false},"excerpt":{"rendered":"<p>Dr\u00fcckerl\u00e4nge: 120 mm<br \/>\nSchild: 52 x 250 mm<br \/>\nAu\u00dfenschild mit Aluminium-Grundplatte sowie einer zus\u00e4tzlichen Metallplatte,<br \/>\nzur Verst\u00e4rkung des Zylinderbereichs. Au\u00dfenschildst\u00e4rke 15 mm,<br \/>\nInnenschildstarke 8 mm, unsichtbare 3fach Verschraubung mittels M6<br \/>\nGewindeschrauben, Wechsel-Grt. mit Flachrundknopf o 50 mm &#8211;<br \/>\nInnengewinde M6<br \/>\nWechselgrt. mit gekr. Knopf G140, Au\u00dfenschildst\u00e4rke 14 mm<br \/>\nF1 natureloxiert, PZ 8\/72 mm, Innenschildst\u00e4rke 8 mm<br \/>\nSchild: 54&#215;247 mm<\/p>\n","protected":false},"featured_media":1137,"comment_status":"open","ping_status":"closed","template":"","meta":[],"_links":{"self":[{"href":"https:\/\/hanbod.de\/index.php?rest_route=\/wp\/v2\/product\/1130"}],"collection":[{"href":"https:\/\/hanbod.de\/index.php?rest_route=\/wp\/v2\/product"}],"about":[{"href":"https:\/\/hanbod.de\/index.php?rest_route=\/wp\/v2\/types\/product"}],"replies":[{"embeddable":true,"href":"https:\/\/hanbod.de\/index.php?rest_route=%2Fwp%2Fv2%2Fcomments&post=1130"}],"wp:featuredmedia":[{"embeddable":true,"href":"https:\/\/hanbod.de\/index.php?rest_route=\/wp\/v2\/media\/1137"}],"wp:attachment":[{"href":"https:\/\/hanbod.de\/index.php?rest_route=%2Fwp%2Fv2%2Fmedia&parent=1130"}],"curies":[{"name":"wp","href":"https:\/\/api.w.org\/{rel}","templated":true}]}}