{"id":934,"date":"2020-10-25T16:42:04","date_gmt":"2020-10-25T15:42:04","guid":{"rendered":"http:\/\/s522896619.online.de\/?page_id=934"},"modified":"2020-12-28T13:17:38","modified_gmt":"2020-12-28T12:17:38","slug":"tueren-garnituren","status":"publish","type":"page","link":"https:\/\/hanbod.de\/?page_id=934","title":{"rendered":"T\u00fcren &#038; Garnituren"},"content":{"rendered":"\t\t<div data-elementor-type=\"wp-page\" data-elementor-id=\"934\" class=\"elementor elementor-934\" data-elementor-settings=\"[]\">\n\t\t\t\t\t\t<div class=\"elementor-inner\">\n\t\t\t\t\t\t\t<div class=\"elementor-section-wrap\">\n\t\t\t\t\t\t\t<section class=\"elementor-section elementor-top-section elementor-element elementor-element-53d7729a elementor-section-full_width elementor-section-height-full elementor-section-items-stretch elementor-section-content-middle elementor-section-height-default\" data-id=\"53d7729a\" data-element_type=\"section\" data-settings=\"{&quot;background_background&quot;:&quot;classic&quot;}\">\n\t\t\t\t\t\t\t<div class=\"elementor-background-overlay\"><\/div>\n\t\t\t\t\t\t\t<div class=\"elementor-container elementor-column-gap-default\">\n\t\t\t\t\t\t\t<div class=\"elementor-row\">\n\t\t\t\t\t<div class=\"elementor-column elementor-col-50 elementor-top-column elementor-element elementor-element-71549e3e\" data-id=\"71549e3e\" data-element_type=\"column\">\n\t\t\t<div class=\"elementor-column-wrap\">\n\t\t\t\t\t\t\t<div class=\"elementor-widget-wrap\">\n\t\t\t\t\t\t\t\t<\/div>\n\t\t\t\t\t<\/div>\n\t\t<\/div>\n\t\t\t\t<div class=\"elementor-column elementor-col-50 elementor-top-column elementor-element elementor-element-1b5b6983\" data-id=\"1b5b6983\" data-element_type=\"column\" data-settings=\"{&quot;background_background&quot;:&quot;classic&quot;}\">\n\t\t\t<div class=\"elementor-column-wrap elementor-element-populated\">\n\t\t\t\t\t\t\t<div class=\"elementor-widget-wrap\">\n\t\t\t\t\t\t<div class=\"elementor-element elementor-element-3c14dafd elementor-widget elementor-widget-heading\" data-id=\"3c14dafd\" data-element_type=\"widget\" data-widget_type=\"heading.default\">\n\t\t\t\t<div class=\"elementor-widget-container\">\n\t\t\t<h4 class=\"elementor-heading-title elementor-size-medium\">T\u00fcren &amp; Garnituren<\/h4>\t\t<\/div>\n\t\t\t\t<\/div>\n\t\t\t\t<div class=\"elementor-element elementor-element-6758e8d8 elementor-widget elementor-widget-divider\" data-id=\"6758e8d8\" data-element_type=\"widget\" data-widget_type=\"divider.default\">\n\t\t\t\t<div class=\"elementor-widget-container\">\n\t\t\t\t\t<div class=\"elementor-divider\">\n\t\t\t<span class=\"elementor-divider-separator\">\n\t\t\t\t\t\t<\/span>\n\t\t<\/div>\n\t\t\t\t<\/div>\n\t\t\t\t<\/div>\n\t\t\t\t<div class=\"elementor-element elementor-element-4ef1090c elementor-widget elementor-widget-text-editor\" data-id=\"4ef1090c\" data-element_type=\"widget\" data-widget_type=\"text-editor.default\">\n\t\t\t\t<div class=\"elementor-widget-container\">\n\t\t\t\t\t<div class=\"elementor-text-editor elementor-clearfix\"><p>Lassen Sie Ihre T\u00fcren als Komplettelement von uns montieren, selbst Glasdreh -oder Schiebet\u00fcren werden von uns montiert. Wir k\u00fcmmern uns um die ordnungsgem\u00e4\u00dfe W\u00e4rmed\u00e4mmung, dem Verlust von Schall -und Einbruchschutzes, der sch\u00f6nen und passenden Optik.<\/p><p>Au\u00dferdem messen wir vor Ort. Ma\u00dfgeschneiderte T\u00fcren sind neben unseren Standard Modellen keine Seltenheit.<\/p><\/div>\n\t\t\t\t<\/div>\n\t\t\t\t<\/div>\n\t\t\t\t<div class=\"elementor-element elementor-element-6a0b3942 elementor-widget elementor-widget-button\" data-id=\"6a0b3942\" data-element_type=\"widget\" data-widget_type=\"button.default\">\n\t\t\t\t<div class=\"elementor-widget-container\">\n\t\t\t\t\t<div class=\"elementor-button-wrapper\">\n\t\t\t<a href=\"tel:06151151470\" class=\"elementor-button-link elementor-button elementor-size-sm\" role=\"button\">\n\t\t\t\t\t\t<span class=\"elementor-button-content-wrapper\">\n\t\t\t\t\t\t<span class=\"elementor-button-icon elementor-align-icon-right\">\n\t\t\t\t<i aria-hidden=\"true\" class=\"fas fa-angle-right\"><\/i>\t\t\t<\/span>\n\t\t\t\t\t\t<span class=\"elementor-button-text\">Kundenservice<\/span>\n\t\t<\/span>\n\t\t\t\t\t<\/a>\n\t\t<\/div>\n\t\t\t\t<\/div>\n\t\t\t\t<\/div>\n\t\t\t\t\t\t<\/div>\n\t\t\t\t\t<\/div>\n\t\t<\/div>\n\t\t\t\t\t\t\t\t<\/div>\n\t\t\t\t\t<\/div>\n\t\t<\/section>\n\t\t\t\t\t\t<\/div>\n\t\t\t\t\t\t<\/div>\n\t\t\t\t\t<\/div>\n\t\t","protected":false},"excerpt":{"rendered":"<p>T\u00fcren &amp; Garnituren Lassen Sie Ihre T\u00fcren als Komplettelement von uns montieren, selbst Glasdreh -oder Schiebet\u00fcren werden von uns montiert. Wir k\u00fcmmern uns um die ordnungsgem\u00e4\u00dfe W\u00e4rmed\u00e4mmung, dem Verlust von Schall -und Einbruchschutzes, der sch\u00f6nen und passenden Optik. Au\u00dferdem messen wir vor Ort. Ma\u00dfgeschneiderte T\u00fcren sind neben unseren Standard Modellen keine Seltenheit. Kundenservice<\/p>\n","protected":false},"author":1,"featured_media":0,"parent":0,"menu_order":0,"comment_status":"closed","ping_status":"closed","template":"","meta":[],"_links":{"self":[{"href":"https:\/\/hanbod.de\/index.php?rest_route=\/wp\/v2\/pages\/934"}],"collection":[{"href":"https:\/\/hanbod.de\/index.php?rest_route=\/wp\/v2\/pages"}],"about":[{"href":"https:\/\/hanbod.de\/index.php?rest_route=\/wp\/v2\/types\/page"}],"author":[{"embeddable":true,"href":"https:\/\/hanbod.de\/index.php?rest_route=\/wp\/v2\/users\/1"}],"replies":[{"embeddable":true,"href":"https:\/\/hanbod.de\/index.php?rest_route=%2Fwp%2Fv2%2Fcomments&post=934"}],"version-history":[{"count":3,"href":"https:\/\/hanbod.de\/index.php?rest_route=\/wp\/v2\/pages\/934\/revisions"}],"predecessor-version":[{"id":1332,"href":"https:\/\/hanbod.de\/index.php?rest_route=\/wp\/v2\/pages\/934\/revisions\/1332"}],"wp:attachment":[{"href":"https:\/\/hanbod.de\/index.php?rest_route=%2Fwp%2Fv2%2Fmedia&parent=934"}],"curies":[{"name":"wp","href":"https:\/\/api.w.org\/{rel}","templated":true}]}}