{"id":1187,"date":"2020-12-21T11:27:53","date_gmt":"2020-12-21T10:27:53","guid":{"rendered":"http:\/\/s522896619.online.de\/?page_id=1187"},"modified":"2021-01-06T13:40:41","modified_gmt":"2021-01-06T12:40:41","slug":"wohnung-rossdorf","status":"publish","type":"page","link":"https:\/\/hanbod.de\/?page_id=1187","title":{"rendered":"Wohnung Ro\u00dfdorf"},"content":{"rendered":"\t\t<div data-elementor-type=\"wp-page\" data-elementor-id=\"1187\" class=\"elementor elementor-1187\" data-elementor-settings=\"[]\">\n\t\t\t\t\t\t<div class=\"elementor-inner\">\n\t\t\t\t\t\t\t<div class=\"elementor-section-wrap\">\n\t\t\t\t\t\t\t<section class=\"elementor-section elementor-top-section elementor-element elementor-element-0c8f838 elementor-section-boxed elementor-section-height-default elementor-section-height-default\" data-id=\"0c8f838\" data-element_type=\"section\">\n\t\t\t\t\t\t<div class=\"elementor-container elementor-column-gap-default\">\n\t\t\t\t\t\t\t<div class=\"elementor-row\">\n\t\t\t\t\t<div class=\"elementor-column elementor-col-100 elementor-top-column elementor-element elementor-element-fa744ca\" data-id=\"fa744ca\" data-element_type=\"column\">\n\t\t\t<div class=\"elementor-column-wrap elementor-element-populated\">\n\t\t\t\t\t\t\t<div class=\"elementor-widget-wrap\">\n\t\t\t\t\t\t<div class=\"elementor-element elementor-element-bcda637 elementor-widget elementor-widget-spacer\" data-id=\"bcda637\" data-element_type=\"widget\" data-widget_type=\"spacer.default\">\n\t\t\t\t<div class=\"elementor-widget-container\">\n\t\t\t\t\t<div class=\"elementor-spacer\">\n\t\t\t<div class=\"elementor-spacer-inner\"><\/div>\n\t\t<\/div>\n\t\t\t\t<\/div>\n\t\t\t\t<\/div>\n\t\t\t\t\t\t<\/div>\n\t\t\t\t\t<\/div>\n\t\t<\/div>\n\t\t\t\t\t\t\t\t<\/div>\n\t\t\t\t\t<\/div>\n\t\t<\/section>\n\t\t\t\t<section class=\"elementor-section elementor-top-section elementor-element elementor-element-d0f0a64 elementor-section-boxed elementor-section-height-default elementor-section-height-default\" data-id=\"d0f0a64\" data-element_type=\"section\">\n\t\t\t\t\t\t<div class=\"elementor-container elementor-column-gap-default\">\n\t\t\t\t\t\t\t<div class=\"elementor-row\">\n\t\t\t\t\t<div class=\"elementor-column elementor-col-100 elementor-top-column elementor-element elementor-element-94a7637\" data-id=\"94a7637\" data-element_type=\"column\">\n\t\t\t<div class=\"elementor-column-wrap elementor-element-populated\">\n\t\t\t\t\t\t\t<div class=\"elementor-widget-wrap\">\n\t\t\t\t\t\t<div class=\"elementor-element elementor-element-2f60bf8 elementor-widget elementor-widget-heading\" data-id=\"2f60bf8\" data-element_type=\"widget\" data-widget_type=\"heading.default\">\n\t\t\t\t<div class=\"elementor-widget-container\">\n\t\t\t<h2 class=\"elementor-heading-title elementor-size-default\">Wohnung Ro\u00dfdorf<\/h2>\t\t<\/div>\n\t\t\t\t<\/div>\n\t\t\t\t\t\t<\/div>\n\t\t\t\t\t<\/div>\n\t\t<\/div>\n\t\t\t\t\t\t\t\t<\/div>\n\t\t\t\t\t<\/div>\n\t\t<\/section>\n\t\t\t\t<section class=\"elementor-section elementor-top-section elementor-element elementor-element-5e44ca3 elementor-section-boxed elementor-section-height-default elementor-section-height-default\" data-id=\"5e44ca3\" data-element_type=\"section\">\n\t\t\t\t\t\t<div class=\"elementor-container elementor-column-gap-default\">\n\t\t\t\t\t\t\t<div class=\"elementor-row\">\n\t\t\t\t\t<div class=\"elementor-column elementor-col-100 elementor-top-column elementor-element elementor-element-4a40af0\" data-id=\"4a40af0\" data-element_type=\"column\">\n\t\t\t<div class=\"elementor-column-wrap elementor-element-populated\">\n\t\t\t\t\t\t\t<div class=\"elementor-widget-wrap\">\n\t\t\t\t\t\t<div class=\"elementor-element elementor-element-33cb374 elementor-widget elementor-widget-text-editor\" data-id=\"33cb374\" data-element_type=\"widget\" data-widget_type=\"text-editor.default\">\n\t\t\t\t<div class=\"elementor-widget-container\">\n\t\t\t\t\t<div class=\"elementor-text-editor elementor-clearfix\"><p>Optimal abgestimmte Holzoptik Designb\u00f6den f\u00fcr die Renovierung von Wohnung.<\/p><\/div>\n\t\t\t\t<\/div>\n\t\t\t\t<\/div>\n\t\t\t\t\t\t<\/div>\n\t\t\t\t\t<\/div>\n\t\t<\/div>\n\t\t\t\t\t\t\t\t<\/div>\n\t\t\t\t\t<\/div>\n\t\t<\/section>\n\t\t\t\t<section class=\"elementor-section elementor-top-section elementor-element elementor-element-dce9fd9 elementor-section-boxed elementor-section-height-default elementor-section-height-default\" data-id=\"dce9fd9\" data-element_type=\"section\">\n\t\t\t\t\t\t<div class=\"elementor-container elementor-column-gap-default\">\n\t\t\t\t\t\t\t<div class=\"elementor-row\">\n\t\t\t\t\t<div class=\"elementor-column elementor-col-50 elementor-top-column elementor-element elementor-element-1eebeb1\" data-id=\"1eebeb1\" data-element_type=\"column\">\n\t\t\t<div class=\"elementor-column-wrap elementor-element-populated\">\n\t\t\t\t\t\t\t<div class=\"elementor-widget-wrap\">\n\t\t\t\t\t\t<div class=\"elementor-element elementor-element-8ed82c8 elementor-widget elementor-widget-image\" data-id=\"8ed82c8\" data-element_type=\"widget\" data-widget_type=\"image.default\">\n\t\t\t\t<div class=\"elementor-widget-container\">\n\t\t\t\t\t<div class=\"elementor-image\">\n\t\t\t\t\t\t\t\t\t\t<img width=\"768\" height=\"1024\" src=\"https:\/\/hanbod.de\/wp-content\/uploads\/2020\/12\/IMG_6343-768x1024.jpg\" class=\"attachment-large size-large\" alt=\"\" loading=\"lazy\" srcset=\"https:\/\/hanbod.de\/wp-content\/uploads\/2020\/12\/IMG_6343-768x1024.jpg 768w, https:\/\/hanbod.de\/wp-content\/uploads\/2020\/12\/IMG_6343-scaled-700x933.jpg 700w, https:\/\/hanbod.de\/wp-content\/uploads\/2020\/12\/IMG_6343-225x300.jpg 225w, https:\/\/hanbod.de\/wp-content\/uploads\/2020\/12\/IMG_6343-1152x1536.jpg 1152w, https:\/\/hanbod.de\/wp-content\/uploads\/2020\/12\/IMG_6343-1536x2048.jpg 1536w, https:\/\/hanbod.de\/wp-content\/uploads\/2020\/12\/IMG_6343-scaled.jpg 1920w\" sizes=\"(max-width: 768px) 100vw, 768px\" \/>\t\t\t\t\t\t\t\t\t\t\t<\/div>\n\t\t\t\t<\/div>\n\t\t\t\t<\/div>\n\t\t\t\t\t\t<\/div>\n\t\t\t\t\t<\/div>\n\t\t<\/div>\n\t\t\t\t<div class=\"elementor-column elementor-col-50 elementor-top-column elementor-element elementor-element-60c38b4\" data-id=\"60c38b4\" data-element_type=\"column\">\n\t\t\t<div class=\"elementor-column-wrap elementor-element-populated\">\n\t\t\t\t\t\t\t<div class=\"elementor-widget-wrap\">\n\t\t\t\t\t\t<div class=\"elementor-element elementor-element-830ef50 elementor-widget elementor-widget-image\" data-id=\"830ef50\" data-element_type=\"widget\" data-widget_type=\"image.default\">\n\t\t\t\t<div class=\"elementor-widget-container\">\n\t\t\t\t\t<div class=\"elementor-image\">\n\t\t\t\t\t\t\t\t\t\t<img width=\"768\" height=\"1024\" src=\"https:\/\/hanbod.de\/wp-content\/uploads\/2020\/12\/IMG_6350-768x1024.jpg\" class=\"attachment-large size-large\" alt=\"\" loading=\"lazy\" srcset=\"https:\/\/hanbod.de\/wp-content\/uploads\/2020\/12\/IMG_6350-768x1024.jpg 768w, https:\/\/hanbod.de\/wp-content\/uploads\/2020\/12\/IMG_6350-scaled-700x933.jpg 700w, https:\/\/hanbod.de\/wp-content\/uploads\/2020\/12\/IMG_6350-225x300.jpg 225w, https:\/\/hanbod.de\/wp-content\/uploads\/2020\/12\/IMG_6350-1152x1536.jpg 1152w, https:\/\/hanbod.de\/wp-content\/uploads\/2020\/12\/IMG_6350-1536x2048.jpg 1536w, https:\/\/hanbod.de\/wp-content\/uploads\/2020\/12\/IMG_6350-scaled.jpg 1920w\" sizes=\"(max-width: 768px) 100vw, 768px\" \/>\t\t\t\t\t\t\t\t\t\t\t<\/div>\n\t\t\t\t<\/div>\n\t\t\t\t<\/div>\n\t\t\t\t\t\t<\/div>\n\t\t\t\t\t<\/div>\n\t\t<\/div>\n\t\t\t\t\t\t\t\t<\/div>\n\t\t\t\t\t<\/div>\n\t\t<\/section>\n\t\t\t\t<section class=\"elementor-section elementor-top-section elementor-element elementor-element-f53c2b3 elementor-section-boxed elementor-section-height-default elementor-section-height-default\" data-id=\"f53c2b3\" data-element_type=\"section\">\n\t\t\t\t\t\t<div class=\"elementor-container elementor-column-gap-default\">\n\t\t\t\t\t\t\t<div class=\"elementor-row\">\n\t\t\t\t\t<div class=\"elementor-column elementor-col-50 elementor-top-column elementor-element elementor-element-0a0be8e\" data-id=\"0a0be8e\" data-element_type=\"column\">\n\t\t\t<div class=\"elementor-column-wrap elementor-element-populated\">\n\t\t\t\t\t\t\t<div class=\"elementor-widget-wrap\">\n\t\t\t\t\t\t<div class=\"elementor-element elementor-element-cfa2ac6 elementor-widget elementor-widget-image\" data-id=\"cfa2ac6\" data-element_type=\"widget\" data-widget_type=\"image.default\">\n\t\t\t\t<div class=\"elementor-widget-container\">\n\t\t\t\t\t<div class=\"elementor-image\">\n\t\t\t\t\t\t\t\t\t\t<img width=\"768\" height=\"1024\" src=\"https:\/\/hanbod.de\/wp-content\/uploads\/2020\/12\/IMG_6351-768x1024.jpg\" class=\"attachment-large size-large\" alt=\"\" loading=\"lazy\" srcset=\"https:\/\/hanbod.de\/wp-content\/uploads\/2020\/12\/IMG_6351-768x1024.jpg 768w, https:\/\/hanbod.de\/wp-content\/uploads\/2020\/12\/IMG_6351-scaled-700x933.jpg 700w, https:\/\/hanbod.de\/wp-content\/uploads\/2020\/12\/IMG_6351-225x300.jpg 225w, https:\/\/hanbod.de\/wp-content\/uploads\/2020\/12\/IMG_6351-1152x1536.jpg 1152w, https:\/\/hanbod.de\/wp-content\/uploads\/2020\/12\/IMG_6351-1536x2048.jpg 1536w, https:\/\/hanbod.de\/wp-content\/uploads\/2020\/12\/IMG_6351-scaled.jpg 1920w\" sizes=\"(max-width: 768px) 100vw, 768px\" \/>\t\t\t\t\t\t\t\t\t\t\t<\/div>\n\t\t\t\t<\/div>\n\t\t\t\t<\/div>\n\t\t\t\t\t\t<\/div>\n\t\t\t\t\t<\/div>\n\t\t<\/div>\n\t\t\t\t<div class=\"elementor-column elementor-col-50 elementor-top-column elementor-element elementor-element-4751b30\" data-id=\"4751b30\" data-element_type=\"column\">\n\t\t\t<div class=\"elementor-column-wrap elementor-element-populated\">\n\t\t\t\t\t\t\t<div class=\"elementor-widget-wrap\">\n\t\t\t\t\t\t<div class=\"elementor-element elementor-element-0a666b0 elementor-widget elementor-widget-image\" data-id=\"0a666b0\" data-element_type=\"widget\" data-widget_type=\"image.default\">\n\t\t\t\t<div class=\"elementor-widget-container\">\n\t\t\t\t\t<div class=\"elementor-image\">\n\t\t\t\t\t\t\t\t\t\t<img width=\"768\" height=\"1024\" src=\"https:\/\/hanbod.de\/wp-content\/uploads\/2020\/12\/IMG_6348-768x1024.jpg\" class=\"attachment-large size-large\" alt=\"\" loading=\"lazy\" srcset=\"https:\/\/hanbod.de\/wp-content\/uploads\/2020\/12\/IMG_6348-768x1024.jpg 768w, https:\/\/hanbod.de\/wp-content\/uploads\/2020\/12\/IMG_6348-scaled-700x933.jpg 700w, https:\/\/hanbod.de\/wp-content\/uploads\/2020\/12\/IMG_6348-225x300.jpg 225w, https:\/\/hanbod.de\/wp-content\/uploads\/2020\/12\/IMG_6348-1152x1536.jpg 1152w, https:\/\/hanbod.de\/wp-content\/uploads\/2020\/12\/IMG_6348-1536x2048.jpg 1536w, https:\/\/hanbod.de\/wp-content\/uploads\/2020\/12\/IMG_6348-scaled.jpg 1920w\" sizes=\"(max-width: 768px) 100vw, 768px\" \/>\t\t\t\t\t\t\t\t\t\t\t<\/div>\n\t\t\t\t<\/div>\n\t\t\t\t<\/div>\n\t\t\t\t\t\t<\/div>\n\t\t\t\t\t<\/div>\n\t\t<\/div>\n\t\t\t\t\t\t\t\t<\/div>\n\t\t\t\t\t<\/div>\n\t\t<\/section>\n\t\t\t\t<section class=\"elementor-section elementor-top-section elementor-element elementor-element-552ff65 elementor-section-boxed elementor-section-height-default elementor-section-height-default\" data-id=\"552ff65\" data-element_type=\"section\">\n\t\t\t\t\t\t<div class=\"elementor-container elementor-column-gap-default\">\n\t\t\t\t\t\t\t<div class=\"elementor-row\">\n\t\t\t\t\t<div class=\"elementor-column elementor-col-100 elementor-top-column elementor-element elementor-element-50c630c\" data-id=\"50c630c\" data-element_type=\"column\">\n\t\t\t<div class=\"elementor-column-wrap elementor-element-populated\">\n\t\t\t\t\t\t\t<div class=\"elementor-widget-wrap\">\n\t\t\t\t\t\t<div class=\"elementor-element elementor-element-ced5ab8 elementor-widget elementor-widget-spacer\" data-id=\"ced5ab8\" data-element_type=\"widget\" data-widget_type=\"spacer.default\">\n\t\t\t\t<div class=\"elementor-widget-container\">\n\t\t\t\t\t<div class=\"elementor-spacer\">\n\t\t\t<div class=\"elementor-spacer-inner\"><\/div>\n\t\t<\/div>\n\t\t\t\t<\/div>\n\t\t\t\t<\/div>\n\t\t\t\t\t\t<\/div>\n\t\t\t\t\t<\/div>\n\t\t<\/div>\n\t\t\t\t\t\t\t\t<\/div>\n\t\t\t\t\t<\/div>\n\t\t<\/section>\n\t\t\t\t\t\t<\/div>\n\t\t\t\t\t\t<\/div>\n\t\t\t\t\t<\/div>\n\t\t","protected":false},"excerpt":{"rendered":"<p>Wohnung Ro\u00dfdorf Optimal abgestimmte Holzoptik Designb\u00f6den f\u00fcr die Renovierung von Wohnung.<\/p>\n","protected":false},"author":1,"featured_media":0,"parent":0,"menu_order":0,"comment_status":"closed","ping_status":"closed","template":"","meta":[],"_links":{"self":[{"href":"https:\/\/hanbod.de\/index.php?rest_route=\/wp\/v2\/pages\/1187"}],"collection":[{"href":"https:\/\/hanbod.de\/index.php?rest_route=\/wp\/v2\/pages"}],"about":[{"href":"https:\/\/hanbod.de\/index.php?rest_route=\/wp\/v2\/types\/page"}],"author":[{"embeddable":true,"href":"https:\/\/hanbod.de\/index.php?rest_route=\/wp\/v2\/users\/1"}],"replies":[{"embeddable":true,"href":"https:\/\/hanbod.de\/index.php?rest_route=%2Fwp%2Fv2%2Fcomments&post=1187"}],"version-history":[{"count":5,"href":"https:\/\/hanbod.de\/index.php?rest_route=\/wp\/v2\/pages\/1187\/revisions"}],"predecessor-version":[{"id":1367,"href":"https:\/\/hanbod.de\/index.php?rest_route=\/wp\/v2\/pages\/1187\/revisions\/1367"}],"wp:attachment":[{"href":"https:\/\/hanbod.de\/index.php?rest_route=%2Fwp%2Fv2%2Fmedia&parent=1187"}],"curies":[{"name":"wp","href":"https:\/\/api.w.org\/{rel}","templated":true}]}}