{"id":1184,"date":"2020-12-21T11:26:57","date_gmt":"2020-12-21T10:26:57","guid":{"rendered":"http:\/\/s522896619.online.de\/?page_id=1184"},"modified":"2021-01-06T13:39:32","modified_gmt":"2021-01-06T12:39:32","slug":"wixhausen-wohnbau-diverse-wohnungen","status":"publish","type":"page","link":"https:\/\/hanbod.de\/?page_id=1184","title":{"rendered":"Wixhausen Wohnbau diverse Wohnungen"},"content":{"rendered":"\t\t<div data-elementor-type=\"wp-page\" data-elementor-id=\"1184\" class=\"elementor elementor-1184\" data-elementor-settings=\"[]\">\n\t\t\t\t\t\t<div class=\"elementor-inner\">\n\t\t\t\t\t\t\t<div class=\"elementor-section-wrap\">\n\t\t\t\t\t\t\t<section class=\"elementor-section elementor-top-section elementor-element elementor-element-5d767f9 elementor-section-boxed elementor-section-height-default elementor-section-height-default\" data-id=\"5d767f9\" data-element_type=\"section\">\n\t\t\t\t\t\t<div class=\"elementor-container elementor-column-gap-default\">\n\t\t\t\t\t\t\t<div class=\"elementor-row\">\n\t\t\t\t\t<div class=\"elementor-column elementor-col-100 elementor-top-column elementor-element elementor-element-b54470e\" data-id=\"b54470e\" data-element_type=\"column\">\n\t\t\t<div class=\"elementor-column-wrap elementor-element-populated\">\n\t\t\t\t\t\t\t<div class=\"elementor-widget-wrap\">\n\t\t\t\t\t\t<div class=\"elementor-element elementor-element-77ad920 elementor-widget elementor-widget-spacer\" data-id=\"77ad920\" data-element_type=\"widget\" data-widget_type=\"spacer.default\">\n\t\t\t\t<div class=\"elementor-widget-container\">\n\t\t\t\t\t<div class=\"elementor-spacer\">\n\t\t\t<div class=\"elementor-spacer-inner\"><\/div>\n\t\t<\/div>\n\t\t\t\t<\/div>\n\t\t\t\t<\/div>\n\t\t\t\t\t\t<\/div>\n\t\t\t\t\t<\/div>\n\t\t<\/div>\n\t\t\t\t\t\t\t\t<\/div>\n\t\t\t\t\t<\/div>\n\t\t<\/section>\n\t\t\t\t<section class=\"elementor-section elementor-top-section elementor-element elementor-element-60c0631 elementor-section-boxed elementor-section-height-default elementor-section-height-default\" data-id=\"60c0631\" data-element_type=\"section\">\n\t\t\t\t\t\t<div class=\"elementor-container elementor-column-gap-default\">\n\t\t\t\t\t\t\t<div class=\"elementor-row\">\n\t\t\t\t\t<div class=\"elementor-column elementor-col-100 elementor-top-column elementor-element elementor-element-df4f2a1\" data-id=\"df4f2a1\" data-element_type=\"column\">\n\t\t\t<div class=\"elementor-column-wrap elementor-element-populated\">\n\t\t\t\t\t\t\t<div class=\"elementor-widget-wrap\">\n\t\t\t\t\t\t<div class=\"elementor-element elementor-element-c84ce50 elementor-widget elementor-widget-heading\" data-id=\"c84ce50\" data-element_type=\"widget\" data-widget_type=\"heading.default\">\n\t\t\t\t<div class=\"elementor-widget-container\">\n\t\t\t<h2 class=\"elementor-heading-title elementor-size-default\">Wixhausen Wohnbau diverse Wohnungen<\/h2>\t\t<\/div>\n\t\t\t\t<\/div>\n\t\t\t\t\t\t<\/div>\n\t\t\t\t\t<\/div>\n\t\t<\/div>\n\t\t\t\t\t\t\t\t<\/div>\n\t\t\t\t\t<\/div>\n\t\t<\/section>\n\t\t\t\t<section class=\"elementor-section elementor-top-section elementor-element elementor-element-577c05d elementor-section-boxed elementor-section-height-default elementor-section-height-default\" data-id=\"577c05d\" data-element_type=\"section\">\n\t\t\t\t\t\t<div class=\"elementor-container elementor-column-gap-default\">\n\t\t\t\t\t\t\t<div class=\"elementor-row\">\n\t\t\t\t\t<div class=\"elementor-column elementor-col-100 elementor-top-column elementor-element elementor-element-3fb6196\" data-id=\"3fb6196\" data-element_type=\"column\">\n\t\t\t<div class=\"elementor-column-wrap elementor-element-populated\">\n\t\t\t\t\t\t\t<div class=\"elementor-widget-wrap\">\n\t\t\t\t\t\t<div class=\"elementor-element elementor-element-51d989d elementor-widget elementor-widget-text-editor\" data-id=\"51d989d\" data-element_type=\"widget\" data-widget_type=\"text-editor.default\">\n\t\t\t\t<div class=\"elementor-widget-container\">\n\t\t\t\t\t<div class=\"elementor-text-editor elementor-clearfix\"><p>Montage einer modernen Eingangst\u00fcr abgestimmt mit der Modernisierung der Fl\u00e4che diverser Wohnungen mit Designb\u00f6den und Innent\u00fcren.<\/p><\/div>\n\t\t\t\t<\/div>\n\t\t\t\t<\/div>\n\t\t\t\t\t\t<\/div>\n\t\t\t\t\t<\/div>\n\t\t<\/div>\n\t\t\t\t\t\t\t\t<\/div>\n\t\t\t\t\t<\/div>\n\t\t<\/section>\n\t\t\t\t<section class=\"elementor-section elementor-top-section elementor-element elementor-element-d7fbbf7 elementor-section-boxed elementor-section-height-default elementor-section-height-default\" data-id=\"d7fbbf7\" data-element_type=\"section\">\n\t\t\t\t\t\t<div class=\"elementor-container elementor-column-gap-default\">\n\t\t\t\t\t\t\t<div class=\"elementor-row\">\n\t\t\t\t\t<div class=\"elementor-column elementor-col-50 elementor-top-column elementor-element elementor-element-d7e3007\" data-id=\"d7e3007\" data-element_type=\"column\">\n\t\t\t<div class=\"elementor-column-wrap elementor-element-populated\">\n\t\t\t\t\t\t\t<div class=\"elementor-widget-wrap\">\n\t\t\t\t\t\t<div class=\"elementor-element elementor-element-e60f83c elementor-widget elementor-widget-image\" data-id=\"e60f83c\" data-element_type=\"widget\" data-widget_type=\"image.default\">\n\t\t\t\t<div class=\"elementor-widget-container\">\n\t\t\t\t\t<div class=\"elementor-image\">\n\t\t\t\t\t\t\t\t\t\t<img width=\"768\" height=\"1024\" src=\"https:\/\/hanbod.de\/wp-content\/uploads\/2020\/12\/IMG_3783-768x1024.jpg\" class=\"attachment-large size-large\" alt=\"\" loading=\"lazy\" srcset=\"https:\/\/hanbod.de\/wp-content\/uploads\/2020\/12\/IMG_3783-768x1024.jpg 768w, https:\/\/hanbod.de\/wp-content\/uploads\/2020\/12\/IMG_3783-scaled-700x933.jpg 700w, https:\/\/hanbod.de\/wp-content\/uploads\/2020\/12\/IMG_3783-225x300.jpg 225w, https:\/\/hanbod.de\/wp-content\/uploads\/2020\/12\/IMG_3783-1152x1536.jpg 1152w, https:\/\/hanbod.de\/wp-content\/uploads\/2020\/12\/IMG_3783-1536x2048.jpg 1536w, https:\/\/hanbod.de\/wp-content\/uploads\/2020\/12\/IMG_3783-scaled.jpg 1920w\" sizes=\"(max-width: 768px) 100vw, 768px\" \/>\t\t\t\t\t\t\t\t\t\t\t<\/div>\n\t\t\t\t<\/div>\n\t\t\t\t<\/div>\n\t\t\t\t\t\t<\/div>\n\t\t\t\t\t<\/div>\n\t\t<\/div>\n\t\t\t\t<div class=\"elementor-column elementor-col-50 elementor-top-column elementor-element elementor-element-633194c\" data-id=\"633194c\" data-element_type=\"column\">\n\t\t\t<div class=\"elementor-column-wrap elementor-element-populated\">\n\t\t\t\t\t\t\t<div class=\"elementor-widget-wrap\">\n\t\t\t\t\t\t<div class=\"elementor-element elementor-element-4cbb1fd elementor-widget elementor-widget-image\" data-id=\"4cbb1fd\" data-element_type=\"widget\" data-widget_type=\"image.default\">\n\t\t\t\t<div class=\"elementor-widget-container\">\n\t\t\t\t\t<div class=\"elementor-image\">\n\t\t\t\t\t\t\t\t\t\t<img width=\"768\" height=\"1024\" src=\"https:\/\/hanbod.de\/wp-content\/uploads\/2020\/12\/IMG_3760-768x1024.jpg\" class=\"attachment-large size-large\" alt=\"\" loading=\"lazy\" srcset=\"https:\/\/hanbod.de\/wp-content\/uploads\/2020\/12\/IMG_3760-768x1024.jpg 768w, https:\/\/hanbod.de\/wp-content\/uploads\/2020\/12\/IMG_3760-scaled-700x933.jpg 700w, https:\/\/hanbod.de\/wp-content\/uploads\/2020\/12\/IMG_3760-225x300.jpg 225w, https:\/\/hanbod.de\/wp-content\/uploads\/2020\/12\/IMG_3760-1152x1536.jpg 1152w, https:\/\/hanbod.de\/wp-content\/uploads\/2020\/12\/IMG_3760-1536x2048.jpg 1536w, https:\/\/hanbod.de\/wp-content\/uploads\/2020\/12\/IMG_3760-scaled.jpg 1920w\" sizes=\"(max-width: 768px) 100vw, 768px\" \/>\t\t\t\t\t\t\t\t\t\t\t<\/div>\n\t\t\t\t<\/div>\n\t\t\t\t<\/div>\n\t\t\t\t\t\t<\/div>\n\t\t\t\t\t<\/div>\n\t\t<\/div>\n\t\t\t\t\t\t\t\t<\/div>\n\t\t\t\t\t<\/div>\n\t\t<\/section>\n\t\t\t\t<section class=\"elementor-section elementor-top-section elementor-element elementor-element-336c453 elementor-section-boxed elementor-section-height-default elementor-section-height-default\" data-id=\"336c453\" data-element_type=\"section\">\n\t\t\t\t\t\t<div class=\"elementor-container elementor-column-gap-default\">\n\t\t\t\t\t\t\t<div class=\"elementor-row\">\n\t\t\t\t\t<div class=\"elementor-column elementor-col-50 elementor-top-column elementor-element elementor-element-883e6ef\" data-id=\"883e6ef\" data-element_type=\"column\">\n\t\t\t<div class=\"elementor-column-wrap elementor-element-populated\">\n\t\t\t\t\t\t\t<div class=\"elementor-widget-wrap\">\n\t\t\t\t\t\t<div class=\"elementor-element elementor-element-db249d6 elementor-widget elementor-widget-image\" data-id=\"db249d6\" data-element_type=\"widget\" data-widget_type=\"image.default\">\n\t\t\t\t<div class=\"elementor-widget-container\">\n\t\t\t\t\t<div class=\"elementor-image\">\n\t\t\t\t\t\t\t\t\t\t<img width=\"768\" height=\"1024\" src=\"https:\/\/hanbod.de\/wp-content\/uploads\/2020\/12\/IMG_4040-768x1024.jpg\" class=\"attachment-large size-large\" alt=\"\" loading=\"lazy\" srcset=\"https:\/\/hanbod.de\/wp-content\/uploads\/2020\/12\/IMG_4040-768x1024.jpg 768w, https:\/\/hanbod.de\/wp-content\/uploads\/2020\/12\/IMG_4040-scaled-700x933.jpg 700w, https:\/\/hanbod.de\/wp-content\/uploads\/2020\/12\/IMG_4040-225x300.jpg 225w, https:\/\/hanbod.de\/wp-content\/uploads\/2020\/12\/IMG_4040-1152x1536.jpg 1152w, https:\/\/hanbod.de\/wp-content\/uploads\/2020\/12\/IMG_4040-1536x2048.jpg 1536w, https:\/\/hanbod.de\/wp-content\/uploads\/2020\/12\/IMG_4040-scaled.jpg 1920w\" sizes=\"(max-width: 768px) 100vw, 768px\" \/>\t\t\t\t\t\t\t\t\t\t\t<\/div>\n\t\t\t\t<\/div>\n\t\t\t\t<\/div>\n\t\t\t\t\t\t<\/div>\n\t\t\t\t\t<\/div>\n\t\t<\/div>\n\t\t\t\t<div class=\"elementor-column elementor-col-50 elementor-top-column elementor-element elementor-element-79835c5\" data-id=\"79835c5\" data-element_type=\"column\">\n\t\t\t<div class=\"elementor-column-wrap elementor-element-populated\">\n\t\t\t\t\t\t\t<div class=\"elementor-widget-wrap\">\n\t\t\t\t\t\t<div class=\"elementor-element elementor-element-b1d7722 elementor-widget elementor-widget-image\" data-id=\"b1d7722\" data-element_type=\"widget\" data-widget_type=\"image.default\">\n\t\t\t\t<div class=\"elementor-widget-container\">\n\t\t\t\t\t<div class=\"elementor-image\">\n\t\t\t\t\t\t\t\t\t\t<img width=\"768\" height=\"1024\" src=\"https:\/\/hanbod.de\/wp-content\/uploads\/2020\/12\/IMG_4042-768x1024.jpg\" class=\"attachment-large size-large\" alt=\"\" loading=\"lazy\" srcset=\"https:\/\/hanbod.de\/wp-content\/uploads\/2020\/12\/IMG_4042-768x1024.jpg 768w, https:\/\/hanbod.de\/wp-content\/uploads\/2020\/12\/IMG_4042-scaled-700x933.jpg 700w, https:\/\/hanbod.de\/wp-content\/uploads\/2020\/12\/IMG_4042-225x300.jpg 225w, https:\/\/hanbod.de\/wp-content\/uploads\/2020\/12\/IMG_4042-1152x1536.jpg 1152w, https:\/\/hanbod.de\/wp-content\/uploads\/2020\/12\/IMG_4042-1536x2048.jpg 1536w, https:\/\/hanbod.de\/wp-content\/uploads\/2020\/12\/IMG_4042-scaled.jpg 1920w\" sizes=\"(max-width: 768px) 100vw, 768px\" \/>\t\t\t\t\t\t\t\t\t\t\t<\/div>\n\t\t\t\t<\/div>\n\t\t\t\t<\/div>\n\t\t\t\t\t\t<\/div>\n\t\t\t\t\t<\/div>\n\t\t<\/div>\n\t\t\t\t\t\t\t\t<\/div>\n\t\t\t\t\t<\/div>\n\t\t<\/section>\n\t\t\t\t<section class=\"elementor-section elementor-top-section elementor-element elementor-element-599af46 elementor-section-boxed elementor-section-height-default elementor-section-height-default\" data-id=\"599af46\" data-element_type=\"section\">\n\t\t\t\t\t\t<div class=\"elementor-container elementor-column-gap-default\">\n\t\t\t\t\t\t\t<div class=\"elementor-row\">\n\t\t\t\t\t<div class=\"elementor-column elementor-col-50 elementor-top-column elementor-element elementor-element-8029f72\" data-id=\"8029f72\" data-element_type=\"column\">\n\t\t\t<div class=\"elementor-column-wrap elementor-element-populated\">\n\t\t\t\t\t\t\t<div class=\"elementor-widget-wrap\">\n\t\t\t\t\t\t<div class=\"elementor-element elementor-element-a18b2af elementor-widget elementor-widget-image\" data-id=\"a18b2af\" data-element_type=\"widget\" data-widget_type=\"image.default\">\n\t\t\t\t<div class=\"elementor-widget-container\">\n\t\t\t\t\t<div class=\"elementor-image\">\n\t\t\t\t\t\t\t\t\t\t<img width=\"768\" height=\"1024\" src=\"https:\/\/hanbod.de\/wp-content\/uploads\/2020\/12\/IMG_4047-768x1024.jpg\" class=\"attachment-large size-large\" alt=\"\" loading=\"lazy\" srcset=\"https:\/\/hanbod.de\/wp-content\/uploads\/2020\/12\/IMG_4047-768x1024.jpg 768w, https:\/\/hanbod.de\/wp-content\/uploads\/2020\/12\/IMG_4047-scaled-700x933.jpg 700w, https:\/\/hanbod.de\/wp-content\/uploads\/2020\/12\/IMG_4047-225x300.jpg 225w, https:\/\/hanbod.de\/wp-content\/uploads\/2020\/12\/IMG_4047-1152x1536.jpg 1152w, https:\/\/hanbod.de\/wp-content\/uploads\/2020\/12\/IMG_4047-1536x2048.jpg 1536w, https:\/\/hanbod.de\/wp-content\/uploads\/2020\/12\/IMG_4047-scaled.jpg 1920w\" sizes=\"(max-width: 768px) 100vw, 768px\" \/>\t\t\t\t\t\t\t\t\t\t\t<\/div>\n\t\t\t\t<\/div>\n\t\t\t\t<\/div>\n\t\t\t\t\t\t<\/div>\n\t\t\t\t\t<\/div>\n\t\t<\/div>\n\t\t\t\t<div class=\"elementor-column elementor-col-50 elementor-top-column elementor-element elementor-element-e6f0b18\" data-id=\"e6f0b18\" data-element_type=\"column\">\n\t\t\t<div class=\"elementor-column-wrap elementor-element-populated\">\n\t\t\t\t\t\t\t<div class=\"elementor-widget-wrap\">\n\t\t\t\t\t\t<div class=\"elementor-element elementor-element-82c8698 elementor-widget elementor-widget-image\" data-id=\"82c8698\" data-element_type=\"widget\" data-widget_type=\"image.default\">\n\t\t\t\t<div class=\"elementor-widget-container\">\n\t\t\t\t\t<div class=\"elementor-image\">\n\t\t\t\t\t\t\t\t\t\t<img width=\"768\" height=\"1024\" src=\"https:\/\/hanbod.de\/wp-content\/uploads\/2020\/12\/IMG_4057-768x1024.jpg\" class=\"attachment-large size-large\" alt=\"\" loading=\"lazy\" srcset=\"https:\/\/hanbod.de\/wp-content\/uploads\/2020\/12\/IMG_4057-768x1024.jpg 768w, https:\/\/hanbod.de\/wp-content\/uploads\/2020\/12\/IMG_4057-scaled-700x933.jpg 700w, https:\/\/hanbod.de\/wp-content\/uploads\/2020\/12\/IMG_4057-225x300.jpg 225w, https:\/\/hanbod.de\/wp-content\/uploads\/2020\/12\/IMG_4057-1152x1536.jpg 1152w, https:\/\/hanbod.de\/wp-content\/uploads\/2020\/12\/IMG_4057-1536x2048.jpg 1536w, https:\/\/hanbod.de\/wp-content\/uploads\/2020\/12\/IMG_4057-scaled.jpg 1920w\" sizes=\"(max-width: 768px) 100vw, 768px\" \/>\t\t\t\t\t\t\t\t\t\t\t<\/div>\n\t\t\t\t<\/div>\n\t\t\t\t<\/div>\n\t\t\t\t\t\t<\/div>\n\t\t\t\t\t<\/div>\n\t\t<\/div>\n\t\t\t\t\t\t\t\t<\/div>\n\t\t\t\t\t<\/div>\n\t\t<\/section>\n\t\t\t\t<section class=\"elementor-section elementor-top-section elementor-element elementor-element-2d37b94 elementor-section-boxed elementor-section-height-default elementor-section-height-default\" data-id=\"2d37b94\" data-element_type=\"section\">\n\t\t\t\t\t\t<div class=\"elementor-container elementor-column-gap-default\">\n\t\t\t\t\t\t\t<div class=\"elementor-row\">\n\t\t\t\t\t<div class=\"elementor-column elementor-col-50 elementor-top-column elementor-element elementor-element-3e9f4d2\" data-id=\"3e9f4d2\" data-element_type=\"column\">\n\t\t\t<div class=\"elementor-column-wrap elementor-element-populated\">\n\t\t\t\t\t\t\t<div class=\"elementor-widget-wrap\">\n\t\t\t\t\t\t<div class=\"elementor-element elementor-element-cfc617b elementor-widget elementor-widget-image\" data-id=\"cfc617b\" data-element_type=\"widget\" data-widget_type=\"image.default\">\n\t\t\t\t<div class=\"elementor-widget-container\">\n\t\t\t\t\t<div class=\"elementor-image\">\n\t\t\t\t\t\t\t\t\t\t<img width=\"768\" height=\"1024\" src=\"https:\/\/hanbod.de\/wp-content\/uploads\/2020\/12\/IMG_4081-768x1024.jpg\" class=\"attachment-large size-large\" alt=\"\" loading=\"lazy\" srcset=\"https:\/\/hanbod.de\/wp-content\/uploads\/2020\/12\/IMG_4081-768x1024.jpg 768w, https:\/\/hanbod.de\/wp-content\/uploads\/2020\/12\/IMG_4081-scaled-700x933.jpg 700w, https:\/\/hanbod.de\/wp-content\/uploads\/2020\/12\/IMG_4081-225x300.jpg 225w, https:\/\/hanbod.de\/wp-content\/uploads\/2020\/12\/IMG_4081-1152x1536.jpg 1152w, https:\/\/hanbod.de\/wp-content\/uploads\/2020\/12\/IMG_4081-1536x2048.jpg 1536w, https:\/\/hanbod.de\/wp-content\/uploads\/2020\/12\/IMG_4081-scaled.jpg 1920w\" sizes=\"(max-width: 768px) 100vw, 768px\" \/>\t\t\t\t\t\t\t\t\t\t\t<\/div>\n\t\t\t\t<\/div>\n\t\t\t\t<\/div>\n\t\t\t\t\t\t<\/div>\n\t\t\t\t\t<\/div>\n\t\t<\/div>\n\t\t\t\t<div class=\"elementor-column elementor-col-50 elementor-top-column elementor-element elementor-element-e142d22\" data-id=\"e142d22\" data-element_type=\"column\">\n\t\t\t<div class=\"elementor-column-wrap elementor-element-populated\">\n\t\t\t\t\t\t\t<div class=\"elementor-widget-wrap\">\n\t\t\t\t\t\t<div class=\"elementor-element elementor-element-36f5ea3 elementor-widget elementor-widget-image\" data-id=\"36f5ea3\" data-element_type=\"widget\" data-widget_type=\"image.default\">\n\t\t\t\t<div class=\"elementor-widget-container\">\n\t\t\t\t\t<div class=\"elementor-image\">\n\t\t\t\t\t\t\t\t\t\t<img width=\"768\" height=\"1024\" src=\"https:\/\/hanbod.de\/wp-content\/uploads\/2020\/12\/IMG_4080-768x1024.jpg\" class=\"attachment-large size-large\" alt=\"\" loading=\"lazy\" srcset=\"https:\/\/hanbod.de\/wp-content\/uploads\/2020\/12\/IMG_4080-768x1024.jpg 768w, https:\/\/hanbod.de\/wp-content\/uploads\/2020\/12\/IMG_4080-scaled-700x933.jpg 700w, https:\/\/hanbod.de\/wp-content\/uploads\/2020\/12\/IMG_4080-225x300.jpg 225w, https:\/\/hanbod.de\/wp-content\/uploads\/2020\/12\/IMG_4080-1152x1536.jpg 1152w, https:\/\/hanbod.de\/wp-content\/uploads\/2020\/12\/IMG_4080-1536x2048.jpg 1536w, https:\/\/hanbod.de\/wp-content\/uploads\/2020\/12\/IMG_4080-scaled.jpg 1920w\" sizes=\"(max-width: 768px) 100vw, 768px\" \/>\t\t\t\t\t\t\t\t\t\t\t<\/div>\n\t\t\t\t<\/div>\n\t\t\t\t<\/div>\n\t\t\t\t\t\t<\/div>\n\t\t\t\t\t<\/div>\n\t\t<\/div>\n\t\t\t\t\t\t\t\t<\/div>\n\t\t\t\t\t<\/div>\n\t\t<\/section>\n\t\t\t\t<section class=\"elementor-section elementor-top-section elementor-element elementor-element-498ff7f elementor-section-boxed elementor-section-height-default elementor-section-height-default\" data-id=\"498ff7f\" data-element_type=\"section\">\n\t\t\t\t\t\t<div class=\"elementor-container elementor-column-gap-default\">\n\t\t\t\t\t\t\t<div class=\"elementor-row\">\n\t\t\t\t\t<div class=\"elementor-column elementor-col-100 elementor-top-column elementor-element elementor-element-3dbb062\" data-id=\"3dbb062\" data-element_type=\"column\">\n\t\t\t<div class=\"elementor-column-wrap elementor-element-populated\">\n\t\t\t\t\t\t\t<div class=\"elementor-widget-wrap\">\n\t\t\t\t\t\t<div class=\"elementor-element elementor-element-c8ac678 elementor-widget elementor-widget-spacer\" data-id=\"c8ac678\" data-element_type=\"widget\" data-widget_type=\"spacer.default\">\n\t\t\t\t<div class=\"elementor-widget-container\">\n\t\t\t\t\t<div class=\"elementor-spacer\">\n\t\t\t<div class=\"elementor-spacer-inner\"><\/div>\n\t\t<\/div>\n\t\t\t\t<\/div>\n\t\t\t\t<\/div>\n\t\t\t\t\t\t<\/div>\n\t\t\t\t\t<\/div>\n\t\t<\/div>\n\t\t\t\t\t\t\t\t<\/div>\n\t\t\t\t\t<\/div>\n\t\t<\/section>\n\t\t\t\t\t\t<\/div>\n\t\t\t\t\t\t<\/div>\n\t\t\t\t\t<\/div>\n\t\t","protected":false},"excerpt":{"rendered":"<p>Wixhausen Wohnbau diverse Wohnungen Montage einer modernen Eingangst\u00fcr abgestimmt mit der Modernisierung der Fl\u00e4che diverser Wohnungen mit Designb\u00f6den und Innent\u00fcren.<\/p>\n","protected":false},"author":1,"featured_media":0,"parent":0,"menu_order":0,"comment_status":"closed","ping_status":"closed","template":"","meta":[],"_links":{"self":[{"href":"https:\/\/hanbod.de\/index.php?rest_route=\/wp\/v2\/pages\/1184"}],"collection":[{"href":"https:\/\/hanbod.de\/index.php?rest_route=\/wp\/v2\/pages"}],"about":[{"href":"https:\/\/hanbod.de\/index.php?rest_route=\/wp\/v2\/types\/page"}],"author":[{"embeddable":true,"href":"https:\/\/hanbod.de\/index.php?rest_route=\/wp\/v2\/users\/1"}],"replies":[{"embeddable":true,"href":"https:\/\/hanbod.de\/index.php?rest_route=%2Fwp%2Fv2%2Fcomments&post=1184"}],"version-history":[{"count":4,"href":"https:\/\/hanbod.de\/index.php?rest_route=\/wp\/v2\/pages\/1184\/revisions"}],"predecessor-version":[{"id":1365,"href":"https:\/\/hanbod.de\/index.php?rest_route=\/wp\/v2\/pages\/1184\/revisions\/1365"}],"wp:attachment":[{"href":"https:\/\/hanbod.de\/index.php?rest_route=%2Fwp%2Fv2%2Fmedia&parent=1184"}],"curies":[{"name":"wp","href":"https:\/\/api.w.org\/{rel}","templated":true}]}}