{"id":1152,"date":"2020-12-21T11:19:33","date_gmt":"2020-12-21T10:19:33","guid":{"rendered":"http:\/\/s522896619.online.de\/?page_id=1152"},"modified":"2021-01-06T13:29:47","modified_gmt":"2021-01-06T12:29:47","slug":"hotel-offenbach","status":"publish","type":"page","link":"https:\/\/hanbod.de\/?page_id=1152","title":{"rendered":"Hotel Offenbach"},"content":{"rendered":"\t\t<div data-elementor-type=\"wp-page\" data-elementor-id=\"1152\" class=\"elementor elementor-1152\" data-elementor-settings=\"[]\">\n\t\t\t\t\t\t<div class=\"elementor-inner\">\n\t\t\t\t\t\t\t<div class=\"elementor-section-wrap\">\n\t\t\t\t\t\t\t<section class=\"elementor-section elementor-top-section elementor-element elementor-element-7d73b3c elementor-section-boxed elementor-section-height-default elementor-section-height-default\" data-id=\"7d73b3c\" data-element_type=\"section\">\n\t\t\t\t\t\t<div class=\"elementor-container elementor-column-gap-default\">\n\t\t\t\t\t\t\t<div class=\"elementor-row\">\n\t\t\t\t\t<div class=\"elementor-column elementor-col-100 elementor-top-column elementor-element elementor-element-8547c57\" data-id=\"8547c57\" data-element_type=\"column\">\n\t\t\t<div class=\"elementor-column-wrap elementor-element-populated\">\n\t\t\t\t\t\t\t<div class=\"elementor-widget-wrap\">\n\t\t\t\t\t\t<div class=\"elementor-element elementor-element-d24d0e5 elementor-widget elementor-widget-spacer\" data-id=\"d24d0e5\" data-element_type=\"widget\" data-widget_type=\"spacer.default\">\n\t\t\t\t<div class=\"elementor-widget-container\">\n\t\t\t\t\t<div class=\"elementor-spacer\">\n\t\t\t<div class=\"elementor-spacer-inner\"><\/div>\n\t\t<\/div>\n\t\t\t\t<\/div>\n\t\t\t\t<\/div>\n\t\t\t\t\t\t<\/div>\n\t\t\t\t\t<\/div>\n\t\t<\/div>\n\t\t\t\t\t\t\t\t<\/div>\n\t\t\t\t\t<\/div>\n\t\t<\/section>\n\t\t\t\t<section class=\"elementor-section elementor-top-section elementor-element elementor-element-c2192e7 elementor-section-boxed elementor-section-height-default elementor-section-height-default\" data-id=\"c2192e7\" data-element_type=\"section\">\n\t\t\t\t\t\t<div class=\"elementor-container elementor-column-gap-default\">\n\t\t\t\t\t\t\t<div class=\"elementor-row\">\n\t\t\t\t\t<div class=\"elementor-column elementor-col-100 elementor-top-column elementor-element elementor-element-7aa3dc7\" data-id=\"7aa3dc7\" data-element_type=\"column\">\n\t\t\t<div class=\"elementor-column-wrap elementor-element-populated\">\n\t\t\t\t\t\t\t<div class=\"elementor-widget-wrap\">\n\t\t\t\t\t\t<div class=\"elementor-element elementor-element-3568f03 elementor-widget elementor-widget-heading\" data-id=\"3568f03\" data-element_type=\"widget\" data-widget_type=\"heading.default\">\n\t\t\t\t<div class=\"elementor-widget-container\">\n\t\t\t<h2 class=\"elementor-heading-title elementor-size-default\">Hotel Offenbach<\/h2>\t\t<\/div>\n\t\t\t\t<\/div>\n\t\t\t\t\t\t<\/div>\n\t\t\t\t\t<\/div>\n\t\t<\/div>\n\t\t\t\t\t\t\t\t<\/div>\n\t\t\t\t\t<\/div>\n\t\t<\/section>\n\t\t\t\t<section class=\"elementor-section elementor-top-section elementor-element elementor-element-db4576c elementor-section-boxed elementor-section-height-default elementor-section-height-default\" data-id=\"db4576c\" data-element_type=\"section\">\n\t\t\t\t\t\t<div class=\"elementor-container elementor-column-gap-default\">\n\t\t\t\t\t\t\t<div class=\"elementor-row\">\n\t\t\t\t\t<div class=\"elementor-column elementor-col-100 elementor-top-column elementor-element elementor-element-f42b06a\" data-id=\"f42b06a\" data-element_type=\"column\">\n\t\t\t<div class=\"elementor-column-wrap elementor-element-populated\">\n\t\t\t\t\t\t\t<div class=\"elementor-widget-wrap\">\n\t\t\t\t\t\t<div class=\"elementor-element elementor-element-1d8f0ff elementor-widget elementor-widget-text-editor\" data-id=\"1d8f0ff\" data-element_type=\"widget\" data-widget_type=\"text-editor.default\">\n\t\t\t\t<div class=\"elementor-widget-container\">\n\t\t\t\t\t<div class=\"elementor-text-editor elementor-clearfix\"><p>Es wurde Teppich \u00fcber 192 R\u00e4ume &amp; 16 Flure sowie Designboden in Personalr\u00e4umen verlegt. Mehrere Etagen innerhalb in der vereinbarten Frist.<\/p><\/div>\n\t\t\t\t<\/div>\n\t\t\t\t<\/div>\n\t\t\t\t\t\t<\/div>\n\t\t\t\t\t<\/div>\n\t\t<\/div>\n\t\t\t\t\t\t\t\t<\/div>\n\t\t\t\t\t<\/div>\n\t\t<\/section>\n\t\t\t\t<section class=\"elementor-section elementor-top-section elementor-element elementor-element-519f1af elementor-section-boxed elementor-section-height-default elementor-section-height-default\" data-id=\"519f1af\" data-element_type=\"section\">\n\t\t\t\t\t\t<div class=\"elementor-container elementor-column-gap-default\">\n\t\t\t\t\t\t\t<div class=\"elementor-row\">\n\t\t\t\t\t<div class=\"elementor-column elementor-col-50 elementor-top-column elementor-element elementor-element-a5814a0\" data-id=\"a5814a0\" data-element_type=\"column\">\n\t\t\t<div class=\"elementor-column-wrap elementor-element-populated\">\n\t\t\t\t\t\t\t<div class=\"elementor-widget-wrap\">\n\t\t\t\t\t\t<div class=\"elementor-element elementor-element-394a7c2 elementor-widget elementor-widget-image\" data-id=\"394a7c2\" data-element_type=\"widget\" data-widget_type=\"image.default\">\n\t\t\t\t<div class=\"elementor-widget-container\">\n\t\t\t\t\t<div class=\"elementor-image\">\n\t\t\t\t\t\t\t\t\t\t<img width=\"768\" height=\"1024\" src=\"https:\/\/hanbod.de\/wp-content\/uploads\/2020\/12\/IMG_0996-768x1024.jpg\" class=\"attachment-large size-large\" alt=\"\" loading=\"lazy\" srcset=\"https:\/\/hanbod.de\/wp-content\/uploads\/2020\/12\/IMG_0996-768x1024.jpg 768w, https:\/\/hanbod.de\/wp-content\/uploads\/2020\/12\/IMG_0996-scaled-700x933.jpg 700w, https:\/\/hanbod.de\/wp-content\/uploads\/2020\/12\/IMG_0996-225x300.jpg 225w, https:\/\/hanbod.de\/wp-content\/uploads\/2020\/12\/IMG_0996-1152x1536.jpg 1152w, https:\/\/hanbod.de\/wp-content\/uploads\/2020\/12\/IMG_0996-1536x2048.jpg 1536w, https:\/\/hanbod.de\/wp-content\/uploads\/2020\/12\/IMG_0996-scaled.jpg 1920w\" sizes=\"(max-width: 768px) 100vw, 768px\" \/>\t\t\t\t\t\t\t\t\t\t\t<\/div>\n\t\t\t\t<\/div>\n\t\t\t\t<\/div>\n\t\t\t\t\t\t<\/div>\n\t\t\t\t\t<\/div>\n\t\t<\/div>\n\t\t\t\t<div class=\"elementor-column elementor-col-50 elementor-top-column elementor-element elementor-element-87a9cce\" data-id=\"87a9cce\" data-element_type=\"column\">\n\t\t\t<div class=\"elementor-column-wrap elementor-element-populated\">\n\t\t\t\t\t\t\t<div class=\"elementor-widget-wrap\">\n\t\t\t\t\t\t<div class=\"elementor-element elementor-element-0844b53 elementor-widget elementor-widget-image\" data-id=\"0844b53\" data-element_type=\"widget\" data-widget_type=\"image.default\">\n\t\t\t\t<div class=\"elementor-widget-container\">\n\t\t\t\t\t<div class=\"elementor-image\">\n\t\t\t\t\t\t\t\t\t\t<img width=\"768\" height=\"1024\" src=\"https:\/\/hanbod.de\/wp-content\/uploads\/2020\/12\/IMG_1048-768x1024.jpg\" class=\"attachment-large size-large\" alt=\"\" loading=\"lazy\" srcset=\"https:\/\/hanbod.de\/wp-content\/uploads\/2020\/12\/IMG_1048-768x1024.jpg 768w, https:\/\/hanbod.de\/wp-content\/uploads\/2020\/12\/IMG_1048-scaled-700x933.jpg 700w, https:\/\/hanbod.de\/wp-content\/uploads\/2020\/12\/IMG_1048-225x300.jpg 225w, https:\/\/hanbod.de\/wp-content\/uploads\/2020\/12\/IMG_1048-1152x1536.jpg 1152w, https:\/\/hanbod.de\/wp-content\/uploads\/2020\/12\/IMG_1048-1536x2048.jpg 1536w, https:\/\/hanbod.de\/wp-content\/uploads\/2020\/12\/IMG_1048-scaled.jpg 1920w\" sizes=\"(max-width: 768px) 100vw, 768px\" \/>\t\t\t\t\t\t\t\t\t\t\t<\/div>\n\t\t\t\t<\/div>\n\t\t\t\t<\/div>\n\t\t\t\t\t\t<\/div>\n\t\t\t\t\t<\/div>\n\t\t<\/div>\n\t\t\t\t\t\t\t\t<\/div>\n\t\t\t\t\t<\/div>\n\t\t<\/section>\n\t\t\t\t<section class=\"elementor-section elementor-top-section elementor-element elementor-element-fb00d38 elementor-section-boxed elementor-section-height-default elementor-section-height-default\" data-id=\"fb00d38\" data-element_type=\"section\">\n\t\t\t\t\t\t<div class=\"elementor-container elementor-column-gap-default\">\n\t\t\t\t\t\t\t<div class=\"elementor-row\">\n\t\t\t\t\t<div class=\"elementor-column elementor-col-50 elementor-top-column elementor-element elementor-element-e12d133\" data-id=\"e12d133\" data-element_type=\"column\">\n\t\t\t<div class=\"elementor-column-wrap elementor-element-populated\">\n\t\t\t\t\t\t\t<div class=\"elementor-widget-wrap\">\n\t\t\t\t\t\t<div class=\"elementor-element elementor-element-ba3cfd4 elementor-widget elementor-widget-image\" data-id=\"ba3cfd4\" data-element_type=\"widget\" data-widget_type=\"image.default\">\n\t\t\t\t<div class=\"elementor-widget-container\">\n\t\t\t\t\t<div class=\"elementor-image\">\n\t\t\t\t\t\t\t\t\t\t<img width=\"768\" height=\"1024\" src=\"https:\/\/hanbod.de\/wp-content\/uploads\/2020\/12\/IMG_1056-768x1024.jpg\" class=\"attachment-large size-large\" alt=\"\" loading=\"lazy\" srcset=\"https:\/\/hanbod.de\/wp-content\/uploads\/2020\/12\/IMG_1056-768x1024.jpg 768w, https:\/\/hanbod.de\/wp-content\/uploads\/2020\/12\/IMG_1056-scaled-700x933.jpg 700w, https:\/\/hanbod.de\/wp-content\/uploads\/2020\/12\/IMG_1056-225x300.jpg 225w, https:\/\/hanbod.de\/wp-content\/uploads\/2020\/12\/IMG_1056-1152x1536.jpg 1152w, https:\/\/hanbod.de\/wp-content\/uploads\/2020\/12\/IMG_1056-1536x2048.jpg 1536w, https:\/\/hanbod.de\/wp-content\/uploads\/2020\/12\/IMG_1056-scaled.jpg 1920w\" sizes=\"(max-width: 768px) 100vw, 768px\" \/>\t\t\t\t\t\t\t\t\t\t\t<\/div>\n\t\t\t\t<\/div>\n\t\t\t\t<\/div>\n\t\t\t\t\t\t<\/div>\n\t\t\t\t\t<\/div>\n\t\t<\/div>\n\t\t\t\t<div class=\"elementor-column elementor-col-50 elementor-top-column elementor-element elementor-element-5f60b60\" data-id=\"5f60b60\" data-element_type=\"column\">\n\t\t\t<div class=\"elementor-column-wrap elementor-element-populated\">\n\t\t\t\t\t\t\t<div class=\"elementor-widget-wrap\">\n\t\t\t\t\t\t<div class=\"elementor-element elementor-element-da14567 elementor-widget elementor-widget-image\" data-id=\"da14567\" data-element_type=\"widget\" data-widget_type=\"image.default\">\n\t\t\t\t<div class=\"elementor-widget-container\">\n\t\t\t\t\t<div class=\"elementor-image\">\n\t\t\t\t\t\t\t\t\t\t<img width=\"768\" height=\"1024\" src=\"https:\/\/hanbod.de\/wp-content\/uploads\/2020\/12\/IMG_0997-768x1024.jpg\" class=\"attachment-large size-large\" alt=\"\" loading=\"lazy\" srcset=\"https:\/\/hanbod.de\/wp-content\/uploads\/2020\/12\/IMG_0997-768x1024.jpg 768w, https:\/\/hanbod.de\/wp-content\/uploads\/2020\/12\/IMG_0997-scaled-700x933.jpg 700w, https:\/\/hanbod.de\/wp-content\/uploads\/2020\/12\/IMG_0997-225x300.jpg 225w, https:\/\/hanbod.de\/wp-content\/uploads\/2020\/12\/IMG_0997-1152x1536.jpg 1152w, https:\/\/hanbod.de\/wp-content\/uploads\/2020\/12\/IMG_0997-1536x2048.jpg 1536w, https:\/\/hanbod.de\/wp-content\/uploads\/2020\/12\/IMG_0997-scaled.jpg 1920w\" sizes=\"(max-width: 768px) 100vw, 768px\" \/>\t\t\t\t\t\t\t\t\t\t\t<\/div>\n\t\t\t\t<\/div>\n\t\t\t\t<\/div>\n\t\t\t\t\t\t<\/div>\n\t\t\t\t\t<\/div>\n\t\t<\/div>\n\t\t\t\t\t\t\t\t<\/div>\n\t\t\t\t\t<\/div>\n\t\t<\/section>\n\t\t\t\t<section class=\"elementor-section elementor-top-section elementor-element elementor-element-a046df3 elementor-section-boxed elementor-section-height-default elementor-section-height-default\" data-id=\"a046df3\" data-element_type=\"section\">\n\t\t\t\t\t\t<div class=\"elementor-container elementor-column-gap-default\">\n\t\t\t\t\t\t\t<div class=\"elementor-row\">\n\t\t\t\t\t<div class=\"elementor-column elementor-col-50 elementor-top-column elementor-element elementor-element-006a428\" data-id=\"006a428\" data-element_type=\"column\">\n\t\t\t<div class=\"elementor-column-wrap elementor-element-populated\">\n\t\t\t\t\t\t\t<div class=\"elementor-widget-wrap\">\n\t\t\t\t\t\t<div class=\"elementor-element elementor-element-efa0c49 elementor-widget elementor-widget-image\" data-id=\"efa0c49\" data-element_type=\"widget\" data-widget_type=\"image.default\">\n\t\t\t\t<div class=\"elementor-widget-container\">\n\t\t\t\t\t<div class=\"elementor-image\">\n\t\t\t\t\t\t\t\t\t\t<img width=\"768\" height=\"1024\" src=\"https:\/\/hanbod.de\/wp-content\/uploads\/2020\/12\/IMG_1037-768x1024.jpg\" class=\"attachment-large size-large\" alt=\"\" loading=\"lazy\" srcset=\"https:\/\/hanbod.de\/wp-content\/uploads\/2020\/12\/IMG_1037-768x1024.jpg 768w, https:\/\/hanbod.de\/wp-content\/uploads\/2020\/12\/IMG_1037-scaled-700x933.jpg 700w, https:\/\/hanbod.de\/wp-content\/uploads\/2020\/12\/IMG_1037-225x300.jpg 225w, https:\/\/hanbod.de\/wp-content\/uploads\/2020\/12\/IMG_1037-1152x1536.jpg 1152w, https:\/\/hanbod.de\/wp-content\/uploads\/2020\/12\/IMG_1037-1536x2048.jpg 1536w, https:\/\/hanbod.de\/wp-content\/uploads\/2020\/12\/IMG_1037-scaled.jpg 1920w\" sizes=\"(max-width: 768px) 100vw, 768px\" \/>\t\t\t\t\t\t\t\t\t\t\t<\/div>\n\t\t\t\t<\/div>\n\t\t\t\t<\/div>\n\t\t\t\t\t\t<\/div>\n\t\t\t\t\t<\/div>\n\t\t<\/div>\n\t\t\t\t<div class=\"elementor-column elementor-col-50 elementor-top-column elementor-element elementor-element-5895a16\" data-id=\"5895a16\" data-element_type=\"column\">\n\t\t\t<div class=\"elementor-column-wrap elementor-element-populated\">\n\t\t\t\t\t\t\t<div class=\"elementor-widget-wrap\">\n\t\t\t\t\t\t<div class=\"elementor-element elementor-element-f0bd4c8 elementor-widget elementor-widget-image\" data-id=\"f0bd4c8\" data-element_type=\"widget\" data-widget_type=\"image.default\">\n\t\t\t\t<div class=\"elementor-widget-container\">\n\t\t\t\t\t<div class=\"elementor-image\">\n\t\t\t\t\t\t\t\t\t\t<img width=\"768\" height=\"1024\" src=\"https:\/\/hanbod.de\/wp-content\/uploads\/2020\/12\/IMG_1027-768x1024.jpg\" class=\"attachment-large size-large\" alt=\"\" loading=\"lazy\" srcset=\"https:\/\/hanbod.de\/wp-content\/uploads\/2020\/12\/IMG_1027-768x1024.jpg 768w, https:\/\/hanbod.de\/wp-content\/uploads\/2020\/12\/IMG_1027-scaled-700x933.jpg 700w, https:\/\/hanbod.de\/wp-content\/uploads\/2020\/12\/IMG_1027-225x300.jpg 225w, https:\/\/hanbod.de\/wp-content\/uploads\/2020\/12\/IMG_1027-1152x1536.jpg 1152w, https:\/\/hanbod.de\/wp-content\/uploads\/2020\/12\/IMG_1027-1536x2048.jpg 1536w, https:\/\/hanbod.de\/wp-content\/uploads\/2020\/12\/IMG_1027-scaled.jpg 1920w\" sizes=\"(max-width: 768px) 100vw, 768px\" \/>\t\t\t\t\t\t\t\t\t\t\t<\/div>\n\t\t\t\t<\/div>\n\t\t\t\t<\/div>\n\t\t\t\t\t\t<\/div>\n\t\t\t\t\t<\/div>\n\t\t<\/div>\n\t\t\t\t\t\t\t\t<\/div>\n\t\t\t\t\t<\/div>\n\t\t<\/section>\n\t\t\t\t<section class=\"elementor-section elementor-top-section elementor-element elementor-element-a56b630 elementor-section-boxed elementor-section-height-default elementor-section-height-default\" data-id=\"a56b630\" data-element_type=\"section\">\n\t\t\t\t\t\t<div class=\"elementor-container elementor-column-gap-default\">\n\t\t\t\t\t\t\t<div class=\"elementor-row\">\n\t\t\t\t\t<div class=\"elementor-column elementor-col-50 elementor-top-column elementor-element elementor-element-4b3ad26\" data-id=\"4b3ad26\" data-element_type=\"column\">\n\t\t\t<div class=\"elementor-column-wrap elementor-element-populated\">\n\t\t\t\t\t\t\t<div class=\"elementor-widget-wrap\">\n\t\t\t\t\t\t<div class=\"elementor-element elementor-element-39d4e7a elementor-widget elementor-widget-image\" data-id=\"39d4e7a\" data-element_type=\"widget\" data-widget_type=\"image.default\">\n\t\t\t\t<div class=\"elementor-widget-container\">\n\t\t\t\t\t<div class=\"elementor-image\">\n\t\t\t\t\t\t\t\t\t\t<img width=\"768\" height=\"1024\" src=\"https:\/\/hanbod.de\/wp-content\/uploads\/2020\/12\/IMG_4331-768x1024.jpg\" class=\"attachment-large size-large\" alt=\"\" loading=\"lazy\" srcset=\"https:\/\/hanbod.de\/wp-content\/uploads\/2020\/12\/IMG_4331-768x1024.jpg 768w, https:\/\/hanbod.de\/wp-content\/uploads\/2020\/12\/IMG_4331-scaled-700x933.jpg 700w, https:\/\/hanbod.de\/wp-content\/uploads\/2020\/12\/IMG_4331-225x300.jpg 225w, https:\/\/hanbod.de\/wp-content\/uploads\/2020\/12\/IMG_4331-1152x1536.jpg 1152w, https:\/\/hanbod.de\/wp-content\/uploads\/2020\/12\/IMG_4331-1536x2048.jpg 1536w, https:\/\/hanbod.de\/wp-content\/uploads\/2020\/12\/IMG_4331-scaled.jpg 1920w\" sizes=\"(max-width: 768px) 100vw, 768px\" \/>\t\t\t\t\t\t\t\t\t\t\t<\/div>\n\t\t\t\t<\/div>\n\t\t\t\t<\/div>\n\t\t\t\t\t\t<\/div>\n\t\t\t\t\t<\/div>\n\t\t<\/div>\n\t\t\t\t<div class=\"elementor-column elementor-col-50 elementor-top-column elementor-element elementor-element-87c6e7e\" data-id=\"87c6e7e\" data-element_type=\"column\">\n\t\t\t<div class=\"elementor-column-wrap elementor-element-populated\">\n\t\t\t\t\t\t\t<div class=\"elementor-widget-wrap\">\n\t\t\t\t\t\t<div class=\"elementor-element elementor-element-9123925 elementor-widget elementor-widget-image\" data-id=\"9123925\" data-element_type=\"widget\" data-widget_type=\"image.default\">\n\t\t\t\t<div class=\"elementor-widget-container\">\n\t\t\t\t\t<div class=\"elementor-image\">\n\t\t\t\t\t\t\t\t\t\t<img width=\"768\" height=\"1024\" src=\"https:\/\/hanbod.de\/wp-content\/uploads\/2020\/12\/DNPI0713-768x1024.jpg\" class=\"attachment-large size-large\" alt=\"\" loading=\"lazy\" srcset=\"https:\/\/hanbod.de\/wp-content\/uploads\/2020\/12\/DNPI0713-768x1024.jpg 768w, https:\/\/hanbod.de\/wp-content\/uploads\/2020\/12\/DNPI0713-700x933.jpg 700w, https:\/\/hanbod.de\/wp-content\/uploads\/2020\/12\/DNPI0713-225x300.jpg 225w, https:\/\/hanbod.de\/wp-content\/uploads\/2020\/12\/DNPI0713-1152x1536.jpg 1152w, https:\/\/hanbod.de\/wp-content\/uploads\/2020\/12\/DNPI0713.jpg 1200w\" sizes=\"(max-width: 768px) 100vw, 768px\" \/>\t\t\t\t\t\t\t\t\t\t\t<\/div>\n\t\t\t\t<\/div>\n\t\t\t\t<\/div>\n\t\t\t\t\t\t<\/div>\n\t\t\t\t\t<\/div>\n\t\t<\/div>\n\t\t\t\t\t\t\t\t<\/div>\n\t\t\t\t\t<\/div>\n\t\t<\/section>\n\t\t\t\t<section class=\"elementor-section elementor-top-section elementor-element elementor-element-03e7784 elementor-section-boxed elementor-section-height-default elementor-section-height-default\" data-id=\"03e7784\" data-element_type=\"section\">\n\t\t\t\t\t\t<div class=\"elementor-container elementor-column-gap-default\">\n\t\t\t\t\t\t\t<div class=\"elementor-row\">\n\t\t\t\t\t<div class=\"elementor-column elementor-col-100 elementor-top-column elementor-element elementor-element-f94b30f\" data-id=\"f94b30f\" data-element_type=\"column\">\n\t\t\t<div class=\"elementor-column-wrap elementor-element-populated\">\n\t\t\t\t\t\t\t<div class=\"elementor-widget-wrap\">\n\t\t\t\t\t\t<div class=\"elementor-element elementor-element-bb0c5c3 elementor-widget elementor-widget-spacer\" data-id=\"bb0c5c3\" data-element_type=\"widget\" data-widget_type=\"spacer.default\">\n\t\t\t\t<div class=\"elementor-widget-container\">\n\t\t\t\t\t<div class=\"elementor-spacer\">\n\t\t\t<div class=\"elementor-spacer-inner\"><\/div>\n\t\t<\/div>\n\t\t\t\t<\/div>\n\t\t\t\t<\/div>\n\t\t\t\t\t\t<\/div>\n\t\t\t\t\t<\/div>\n\t\t<\/div>\n\t\t\t\t\t\t\t\t<\/div>\n\t\t\t\t\t<\/div>\n\t\t<\/section>\n\t\t\t\t\t\t<\/div>\n\t\t\t\t\t\t<\/div>\n\t\t\t\t\t<\/div>\n\t\t","protected":false},"excerpt":{"rendered":"<p>Hotel Offenbach Es wurde Teppich \u00fcber 192 R\u00e4ume &amp; 16 Flure sowie Designboden in Personalr\u00e4umen verlegt. Mehrere Etagen innerhalb in der vereinbarten Frist.<\/p>\n","protected":false},"author":1,"featured_media":0,"parent":0,"menu_order":0,"comment_status":"closed","ping_status":"closed","template":"","meta":[],"_links":{"self":[{"href":"https:\/\/hanbod.de\/index.php?rest_route=\/wp\/v2\/pages\/1152"}],"collection":[{"href":"https:\/\/hanbod.de\/index.php?rest_route=\/wp\/v2\/pages"}],"about":[{"href":"https:\/\/hanbod.de\/index.php?rest_route=\/wp\/v2\/types\/page"}],"author":[{"embeddable":true,"href":"https:\/\/hanbod.de\/index.php?rest_route=\/wp\/v2\/users\/1"}],"replies":[{"embeddable":true,"href":"https:\/\/hanbod.de\/index.php?rest_route=%2Fwp%2Fv2%2Fcomments&post=1152"}],"version-history":[{"count":6,"href":"https:\/\/hanbod.de\/index.php?rest_route=\/wp\/v2\/pages\/1152\/revisions"}],"predecessor-version":[{"id":1355,"href":"https:\/\/hanbod.de\/index.php?rest_route=\/wp\/v2\/pages\/1152\/revisions\/1355"}],"wp:attachment":[{"href":"https:\/\/hanbod.de\/index.php?rest_route=%2Fwp%2Fv2%2Fmedia&parent=1152"}],"curies":[{"name":"wp","href":"https:\/\/api.w.org\/{rel}","templated":true}]}}