{"id":1093,"date":"2020-12-21T06:01:46","date_gmt":"2020-12-21T05:01:46","guid":{"rendered":"http:\/\/s522896619.online.de\/?page_id=1093"},"modified":"2020-12-21T06:04:23","modified_gmt":"2020-12-21T05:04:23","slug":"impressum","status":"publish","type":"page","link":"https:\/\/hanbod.de\/?page_id=1093","title":{"rendered":"Impressum"},"content":{"rendered":"\t\t<div data-elementor-type=\"wp-page\" data-elementor-id=\"1093\" class=\"elementor elementor-1093\" data-elementor-settings=\"[]\">\n\t\t\t\t\t\t<div class=\"elementor-inner\">\n\t\t\t\t\t\t\t<div class=\"elementor-section-wrap\">\n\t\t\t\t\t\t\t<section class=\"elementor-section elementor-top-section elementor-element elementor-element-7fdc9ed elementor-section-boxed elementor-section-height-default elementor-section-height-default\" data-id=\"7fdc9ed\" data-element_type=\"section\">\n\t\t\t\t\t\t<div class=\"elementor-container elementor-column-gap-default\">\n\t\t\t\t\t\t\t<div class=\"elementor-row\">\n\t\t\t\t\t<div class=\"elementor-column elementor-col-100 elementor-top-column elementor-element elementor-element-cdd80c5\" data-id=\"cdd80c5\" data-element_type=\"column\">\n\t\t\t<div class=\"elementor-column-wrap elementor-element-populated\">\n\t\t\t\t\t\t\t<div class=\"elementor-widget-wrap\">\n\t\t\t\t\t\t<div class=\"elementor-element elementor-element-1c3ff55 elementor-widget elementor-widget-spacer\" data-id=\"1c3ff55\" data-element_type=\"widget\" data-widget_type=\"spacer.default\">\n\t\t\t\t<div class=\"elementor-widget-container\">\n\t\t\t\t\t<div class=\"elementor-spacer\">\n\t\t\t<div class=\"elementor-spacer-inner\"><\/div>\n\t\t<\/div>\n\t\t\t\t<\/div>\n\t\t\t\t<\/div>\n\t\t\t\t\t\t<\/div>\n\t\t\t\t\t<\/div>\n\t\t<\/div>\n\t\t\t\t\t\t\t\t<\/div>\n\t\t\t\t\t<\/div>\n\t\t<\/section>\n\t\t\t\t<section class=\"elementor-section elementor-top-section elementor-element elementor-element-c543675 elementor-section-boxed elementor-section-height-default elementor-section-height-default\" data-id=\"c543675\" data-element_type=\"section\">\n\t\t\t\t\t\t<div class=\"elementor-container elementor-column-gap-default\">\n\t\t\t\t\t\t\t<div class=\"elementor-row\">\n\t\t\t\t\t<div class=\"elementor-column elementor-col-100 elementor-top-column elementor-element elementor-element-f724984\" data-id=\"f724984\" data-element_type=\"column\">\n\t\t\t<div class=\"elementor-column-wrap elementor-element-populated\">\n\t\t\t\t\t\t\t<div class=\"elementor-widget-wrap\">\n\t\t\t\t\t\t<div class=\"elementor-element elementor-element-480124f elementor-widget elementor-widget-text-editor\" data-id=\"480124f\" data-element_type=\"widget\" data-widget_type=\"text-editor.default\">\n\t\t\t\t<div class=\"elementor-widget-container\">\n\t\t\t\t\t<div class=\"elementor-text-editor elementor-clearfix\"><h2>Impressum<\/h2><h4><strong>Angaben gem\u00e4\u00df \u00a7 5 TMG:<\/strong><\/h4><p>Hanbod Bodenbel\u00e4ge &amp; T\u00fcren GmbH<br \/>Otto-R\u00f6hm Stra\u00dfe 77a<br \/>64293 Darmstadt<\/p><h5><strong>Vertreten durch:<\/strong><\/h5><p>Cemil Hanilce<\/p><h5><strong>Kontakt:<\/strong><\/h5><p>Telefon: +49 61 51 15 14 70<br \/>Telefax: +49 61 51 15 14 79<br \/>E-Mail: info@hanbod.de<\/p><h5><strong>Registereintrag:<\/strong><\/h5><p>Eintragung im Handelsregister.<br \/>Registergericht: Darmstadt<br \/>Registernummer: HRA\u00a0<\/p><h5><strong>Umsatzsteuer:<\/strong><\/h5><p>Umsatzsteuer-Identifikationsnummer<br \/>gem\u00e4\u00df \u00a727 a Umsatzsteuergesetz:<br \/>DE 0723503491<\/p><p>\u00a0<\/p><p><strong>Bildquellennachweis:<\/strong><\/p><p>Bildmaterial Bereich Laminat, Parkett, Vinylb\u00f6den: \u00a9 Joka<\/p><p>Bildmaterial Bereich Fliesen: \u00a9 K\u00fctahya<\/p><p>Bildmaterial Bereich Sanit\u00e4r: \u00a9 Vitra<\/p><\/div>\n\t\t\t\t<\/div>\n\t\t\t\t<\/div>\n\t\t\t\t\t\t<\/div>\n\t\t\t\t\t<\/div>\n\t\t<\/div>\n\t\t\t\t\t\t\t\t<\/div>\n\t\t\t\t\t<\/div>\n\t\t<\/section>\n\t\t\t\t\t\t<\/div>\n\t\t\t\t\t\t<\/div>\n\t\t\t\t\t<\/div>\n\t\t","protected":false},"excerpt":{"rendered":"<p>Impressum Angaben gem\u00e4\u00df \u00a7 5 TMG: Hanbod Bodenbel\u00e4ge &amp; T\u00fcren GmbHOtto-R\u00f6hm Stra\u00dfe 77a64293 Darmstadt Vertreten durch: Cemil Hanilce Kontakt: Telefon: +49 61 51 15 14 70Telefax: +49 61 51 15 14 79E-Mail: info@hanbod.de Registereintrag: Eintragung im Handelsregister.Registergericht: DarmstadtRegisternummer: HRA\u00a0 Umsatzsteuer: Umsatzsteuer-Identifikationsnummergem\u00e4\u00df \u00a727 a Umsatzsteuergesetz:DE 0723503491 \u00a0 Bildquellennachweis: Bildmaterial Bereich Laminat, Parkett, Vinylb\u00f6den: \u00a9 Joka Bildmaterial &hellip;<\/p>\n<p class=\"read-more\"> <a class=\"\" href=\"https:\/\/hanbod.de\/?page_id=1093\"> <span class=\"screen-reader-text\">Impressum<\/span> Weiterlesen &raquo;<\/a><\/p>\n","protected":false},"author":1,"featured_media":0,"parent":0,"menu_order":0,"comment_status":"closed","ping_status":"closed","template":"","meta":[],"_links":{"self":[{"href":"https:\/\/hanbod.de\/index.php?rest_route=\/wp\/v2\/pages\/1093"}],"collection":[{"href":"https:\/\/hanbod.de\/index.php?rest_route=\/wp\/v2\/pages"}],"about":[{"href":"https:\/\/hanbod.de\/index.php?rest_route=\/wp\/v2\/types\/page"}],"author":[{"embeddable":true,"href":"https:\/\/hanbod.de\/index.php?rest_route=\/wp\/v2\/users\/1"}],"replies":[{"embeddable":true,"href":"https:\/\/hanbod.de\/index.php?rest_route=%2Fwp%2Fv2%2Fcomments&post=1093"}],"version-history":[{"count":6,"href":"https:\/\/hanbod.de\/index.php?rest_route=\/wp\/v2\/pages\/1093\/revisions"}],"predecessor-version":[{"id":1099,"href":"https:\/\/hanbod.de\/index.php?rest_route=\/wp\/v2\/pages\/1093\/revisions\/1099"}],"wp:attachment":[{"href":"https:\/\/hanbod.de\/index.php?rest_route=%2Fwp%2Fv2%2Fmedia&parent=1093"}],"curies":[{"name":"wp","href":"https:\/\/api.w.org\/{rel}","templated":true}]}}